{"id":128,"date":"2018-09-21T08:27:43","date_gmt":"2018-09-21T08:27:43","guid":{"rendered":"http:\/\/wp.off-gamings.de\/?page_id=128"},"modified":"2018-10-30T09:08:38","modified_gmt":"2018-10-30T09:08:38","slug":"baugruben","status":"publish","type":"page","link":"https:\/\/www.i-kis.de\/index.php\/baugruben\/","title":{"rendered":"<span style=\"color:#c8c8c8;\"onmouseover=\"this.style.color='#940000';\" onmouseout=\"this.style.color='#c8c8c8';\">Baugruben<\/span>"},"content":{"rendered":"<p><a href=\"http:\/\/www.i-kis.de\/wp-content\/uploads\/2018\/10\/1.2.1.pdf\"><strong><span style=\"color: #ff0000;\">Tr\u00e4gerbohlwand &#8211; Bohrpfahlwand<\/span><\/strong><\/a><\/p>\n<p><a href=\"http:\/\/www.i-kis.de\/wp-content\/uploads\/2018\/10\/1.2.2.pdf\"><strong><span style=\"color: #ff0000;\">Bohrtr\u00e4gerbohlenwand<\/span><\/strong><\/a><\/p>\n<p><a href=\"http:\/\/www.i-kis.de\/wp-content\/uploads\/2018\/10\/1.2.3.pdf\"><strong><span style=\"color: #ff0000;\">Spundw\u00e4nde<\/span><\/strong><\/a><\/p>\n<p><a href=\"http:\/\/www.i-kis.de\/wp-content\/uploads\/2018\/10\/1.2.4.pdf\"><strong><span style=\"color: #ff0000;\">Schlitzw\u00e4nde<\/span><\/strong><\/a><\/p>\n<p><a href=\"http:\/\/www.i-kis.de\/wp-content\/uploads\/2018\/10\/1.2.5.pdf\"><strong><span style=\"color: #ff0000;\">Dichtwand mit eingestelltem Verbauelement<\/span><\/strong><\/a><\/p>\n","protected":false},"excerpt":{"rendered":"<p>Tr\u00e4gerbohlwand &#8211; Bohrpfahlwand Bohrtr\u00e4gerbohlenwand Spundw\u00e4nde Schlitzw\u00e4nde Dichtwand mit eingestelltem Verbauelement<\/p>\n","protected":false},"author":1,"featured_media":0,"parent":0,"menu_order":0,"comment_status":"closed","ping_status":"closed","template":"","meta":{"footnotes":""},"class_list":["post-128","page","type-page","status-publish","hentry"],"yoast_head":"<!-- This site is optimized with the Yoast SEO plugin v25.1 - https:\/\/yoast.com\/wordpress\/plugins\/seo\/ -->\n<title>Baugruben -<\/title>\n<meta name=\"robots\" content=\"index, follow, max-snippet:-1, max-image-preview:large, max-video-preview:-1\" \/>\n<link rel=\"canonical\" href=\"https:\/\/www.i-kis.de\/index.php\/baugruben\/\" \/>\n<meta property=\"og:locale\" content=\"en_US\" \/>\n<meta property=\"og:type\" content=\"article\" \/>\n<meta property=\"og:title\" content=\"Baugruben -\" \/>\n<meta property=\"og:description\" content=\"Tr\u00e4gerbohlwand &#8211; Bohrpfahlwand Bohrtr\u00e4gerbohlenwand Spundw\u00e4nde Schlitzw\u00e4nde Dichtwand mit eingestelltem Verbauelement\" \/>\n<meta property=\"og:url\" content=\"https:\/\/www.i-kis.de\/index.php\/baugruben\/\" \/>\n<meta property=\"article:modified_time\" content=\"2018-10-30T09:08:38+00:00\" \/>\n<meta name=\"twitter:card\" content=\"summary_large_image\" \/>\n<script type=\"application\/ld+json\" class=\"yoast-schema-graph\">{\"@context\":\"https:\/\/schema.org\",\"@graph\":[{\"@type\":\"WebPage\",\"@id\":\"https:\/\/www.i-kis.de\/index.php\/baugruben\/\",\"url\":\"https:\/\/www.i-kis.de\/index.php\/baugruben\/\",\"name\":\"Baugruben -\",\"isPartOf\":{\"@id\":\"https:\/\/www.i-kis.de\/#website\"},\"datePublished\":\"2018-09-21T08:27:43+00:00\",\"dateModified\":\"2018-10-30T09:08:38+00:00\",\"breadcrumb\":{\"@id\":\"https:\/\/www.i-kis.de\/index.php\/baugruben\/#breadcrumb\"},\"inLanguage\":\"en-US\",\"potentialAction\":[{\"@type\":\"ReadAction\",\"target\":[\"https:\/\/www.i-kis.de\/index.php\/baugruben\/\"]}]},{\"@type\":\"BreadcrumbList\",\"@id\":\"https:\/\/www.i-kis.de\/index.php\/baugruben\/#breadcrumb\",\"itemListElement\":[{\"@type\":\"ListItem\",\"position\":1,\"name\":\"Home\",\"item\":\"https:\/\/www.i-kis.de\/\"},{\"@type\":\"ListItem\",\"position\":2,\"name\":\"Baugruben\"}]},{\"@type\":\"WebSite\",\"@id\":\"https:\/\/www.i-kis.de\/#website\",\"url\":\"https:\/\/www.i-kis.de\/\",\"name\":\"\",\"description\":\"\",\"publisher\":{\"@id\":\"https:\/\/www.i-kis.de\/#organization\"},\"potentialAction\":[{\"@type\":\"SearchAction\",\"target\":{\"@type\":\"EntryPoint\",\"urlTemplate\":\"https:\/\/www.i-kis.de\/?s={search_term_string}\"},\"query-input\":{\"@type\":\"PropertyValueSpecification\",\"valueRequired\":true,\"valueName\":\"search_term_string\"}}],\"inLanguage\":\"en-US\"},{\"@type\":\"Organization\",\"@id\":\"https:\/\/www.i-kis.de\/#organization\",\"name\":\"I-KIS\",\"url\":\"https:\/\/www.i-kis.de\/\",\"logo\":{\"@type\":\"ImageObject\",\"inLanguage\":\"en-US\",\"@id\":\"https:\/\/www.i-kis.de\/#\/schema\/logo\/image\/\",\"url\":\"http:\/\/www.i-kis.de\/wp-content\/uploads\/2018\/10\/Favicon.png\",\"contentUrl\":\"http:\/\/www.i-kis.de\/wp-content\/uploads\/2018\/10\/Favicon.png\",\"width\":512,\"height\":512,\"caption\":\"I-KIS\"},\"image\":{\"@id\":\"https:\/\/www.i-kis.de\/#\/schema\/logo\/image\/\"}}]}<\/script>\n<!-- \/ Yoast SEO plugin. -->","yoast_head_json":{"title":"Baugruben -","robots":{"index":"index","follow":"follow","max-snippet":"max-snippet:-1","max-image-preview":"max-image-preview:large","max-video-preview":"max-video-preview:-1"},"canonical":"https:\/\/www.i-kis.de\/index.php\/baugruben\/","og_locale":"en_US","og_type":"article","og_title":"Baugruben -","og_description":"Tr\u00e4gerbohlwand &#8211; Bohrpfahlwand Bohrtr\u00e4gerbohlenwand Spundw\u00e4nde Schlitzw\u00e4nde Dichtwand mit eingestelltem Verbauelement","og_url":"https:\/\/www.i-kis.de\/index.php\/baugruben\/","article_modified_time":"2018-10-30T09:08:38+00:00","twitter_card":"summary_large_image","schema":{"@context":"https:\/\/schema.org","@graph":[{"@type":"WebPage","@id":"https:\/\/www.i-kis.de\/index.php\/baugruben\/","url":"https:\/\/www.i-kis.de\/index.php\/baugruben\/","name":"Baugruben -","isPartOf":{"@id":"https:\/\/www.i-kis.de\/#website"},"datePublished":"2018-09-21T08:27:43+00:00","dateModified":"2018-10-30T09:08:38+00:00","breadcrumb":{"@id":"https:\/\/www.i-kis.de\/index.php\/baugruben\/#breadcrumb"},"inLanguage":"en-US","potentialAction":[{"@type":"ReadAction","target":["https:\/\/www.i-kis.de\/index.php\/baugruben\/"]}]},{"@type":"BreadcrumbList","@id":"https:\/\/www.i-kis.de\/index.php\/baugruben\/#breadcrumb","itemListElement":[{"@type":"ListItem","position":1,"name":"Home","item":"https:\/\/www.i-kis.de\/"},{"@type":"ListItem","position":2,"name":"Baugruben"}]},{"@type":"WebSite","@id":"https:\/\/www.i-kis.de\/#website","url":"https:\/\/www.i-kis.de\/","name":"","description":"","publisher":{"@id":"https:\/\/www.i-kis.de\/#organization"},"potentialAction":[{"@type":"SearchAction","target":{"@type":"EntryPoint","urlTemplate":"https:\/\/www.i-kis.de\/?s={search_term_string}"},"query-input":{"@type":"PropertyValueSpecification","valueRequired":true,"valueName":"search_term_string"}}],"inLanguage":"en-US"},{"@type":"Organization","@id":"https:\/\/www.i-kis.de\/#organization","name":"I-KIS","url":"https:\/\/www.i-kis.de\/","logo":{"@type":"ImageObject","inLanguage":"en-US","@id":"https:\/\/www.i-kis.de\/#\/schema\/logo\/image\/","url":"http:\/\/www.i-kis.de\/wp-content\/uploads\/2018\/10\/Favicon.png","contentUrl":"http:\/\/www.i-kis.de\/wp-content\/uploads\/2018\/10\/Favicon.png","width":512,"height":512,"caption":"I-KIS"},"image":{"@id":"https:\/\/www.i-kis.de\/#\/schema\/logo\/image\/"}}]}},"_links":{"self":[{"href":"https:\/\/www.i-kis.de\/index.php\/wp-json\/wp\/v2\/pages\/128","targetHints":{"allow":["GET"]}}],"collection":[{"href":"https:\/\/www.i-kis.de\/index.php\/wp-json\/wp\/v2\/pages"}],"about":[{"href":"https:\/\/www.i-kis.de\/index.php\/wp-json\/wp\/v2\/types\/page"}],"author":[{"embeddable":true,"href":"https:\/\/www.i-kis.de\/index.php\/wp-json\/wp\/v2\/users\/1"}],"replies":[{"embeddable":true,"href":"https:\/\/www.i-kis.de\/index.php\/wp-json\/wp\/v2\/comments?post=128"}],"version-history":[{"count":6,"href":"https:\/\/www.i-kis.de\/index.php\/wp-json\/wp\/v2\/pages\/128\/revisions"}],"predecessor-version":[{"id":222,"href":"https:\/\/www.i-kis.de\/index.php\/wp-json\/wp\/v2\/pages\/128\/revisions\/222"}],"wp:attachment":[{"href":"https:\/\/www.i-kis.de\/index.php\/wp-json\/wp\/v2\/media?parent=128"}],"curies":[{"name":"wp","href":"https:\/\/api.w.org\/{rel}","templated":true}]}}