{"id":35,"date":"2018-09-14T08:19:14","date_gmt":"2018-09-14T08:19:14","guid":{"rendered":"http:\/\/wp.off-gamings.de\/?page_id=35"},"modified":"2018-10-16T11:31:05","modified_gmt":"2018-10-16T11:31:05","slug":"uber-uns","status":"publish","type":"page","link":"https:\/\/www.i-kis.de\/index.php\/uber-uns\/","title":{"rendered":"<span style=\"color:#c8c8c8;\"onmouseover=\"this.style.color='#940000';\" onmouseout=\"this.style.color='#c8c8c8';\">\u00dcber Uns <\/span>"},"content":{"rendered":"<p><span style=\"color: #000000;\"><strong>Dipl.-Ing. Josef Hartmann<\/strong><\/span><\/p>\n<table border=\"0\" width=\"100%\" cellspacing=\"0\" cellpadding=\"0\">\n<tbody>\n<tr>\n<td align=\"left\" valign=\"top\" width=\"59%\"><span style=\"color: #000000;\"><strong>Lebenslauf<\/strong><\/span><\/p>\n<p><span style=\"color: #000000;\">Jahrgang: 1955<\/span><br \/>\n<span style=\"color: #000000;\">Staatsangeh\u00f6rigkeit: deutsch<\/span><br \/>\n<span style=\"color: #000000;\">Familienstand: verheiratet, drei Kinder<\/span><\/p>\n<p><span style=\"color: #000000;\">Schulbildung:<\/span><br \/>\n<span style=\"color: #000000;\">1970 &#8211; 1973: Berufsschule Ausbildung zum Bauzeichner<\/span><br \/>\n<span style=\"color: #000000;\">1973 &#8211; 1976: Fachoberschule<\/span><\/p>\n<p><span style=\"color: #000000;\">Ausbildung:<\/span><br \/>\n<span style=\"color: #000000;\">1976 &#8211; 1983: Universit\u00e4t<\/span><br \/>\n<span style=\"color: #000000;\">Fachbereich: Bauwesen<\/span><br \/>\n<span style=\"color: #000000;\">Vertiefungen: Statik, Massivbau, Grundbau und unterirdische Bauten<\/span><\/p>\n<p><span style=\"color: #000000;\"><a style=\"color: #000000;\" href=\"profil-zeugnisse.html\">Zeugnisse &gt;&gt;<\/a><\/span><\/td>\n<td scope=\"col\" width=\"41%\"><span style=\"color: #000000;\"><img loading=\"lazy\" decoding=\"async\" class=\"alignleft size-full wp-image-199\" src=\"http:\/\/wp.off-gamings.de\/wp-content\/uploads\/2018\/10\/hartmann.jpg\" alt=\"\" width=\"180\" height=\"235\" \/><\/span><\/td>\n<\/tr>\n<\/tbody>\n<\/table>\n<p><span style=\"color: #000000;\"><strong>Berufspraxis:<\/strong><\/span><br \/>\n<span style=\"color: #000000;\">1983 &#8211; 1985 Ingenieurgesellschaft Zerna, Schulz und Partner, Bochum<\/span><br \/>\n<span style=\"color: #000000;\">Bereich Kraftwerksbau, Abteilung Grundbau und Stahlbau<\/span><\/p>\n<p><span style=\"color: #000000;\">1986 Stadtverwaltung Olfen, Bereich Bauordnungsamt<\/span><br \/>\n<span style=\"color: #000000;\">1986 &#8211; 1995 Tochtergesellschaften der Wiemer &amp; Trachte Gruppe, Hauptverwaltung Dortmund<\/span><br \/>\n<span style=\"color: #000000;\">1986 &#8211; 1988 Bau-Konsult-D\u00fcsseldorf, Bereich Ingenieur- und Grundbau im TB, W&amp;T Dortmund<\/span><\/p>\n<p><span style=\"color: #000000;\">1988 &#8211; 1995 Wiemer Spezial-Tiefbau<\/span><br \/>\n<span style=\"color: #000000;\">Bereich Aufbau und Leitung des technischen B\u00fcros f\u00fcr die Hauptverwaltung Dortmund und die Niederlassungen in Berlin (Spezial-Tiefbau) und Essen (Vorpresstechnik)<\/span><\/p>\n<p><span style=\"color: #000000;\">1995 &#8211; 2007 CDM Consult GmbH, Bochum vormals Prof. Dr.-Ing. Jessberger + Partner (J+P)<\/span><br \/>\n<span style=\"color: #000000;\">Bereich: Tiefbauplanung- konstr. Ing.-Bau (J+P) (Bereichsleiter in der NL Dortmund),<\/span><br \/>\n<span style=\"color: #000000;\">Bereich: Geotechnik- konstr. Ing.-Bau (CDM) (Projektleiter in der HV Bochum)<\/span><\/p>\n<p><span style=\"color: #000000;\">seit 2007 I-KIS Ingenieurb\u00fcro \u2013 Konstruktiver Ingenieur- u. Spezialtiefbau<\/span><br \/>\n<span style=\"color: #000000;\">Dipl.-Ing. Jo. Hartmann, Beratender Ingenieur<\/span><\/p>\n<p><span style=\"color: #000000;\"><strong>Arbeitsgebiete:<\/strong><\/span><br \/>\n<span style=\"color: #000000;\">\u2022 Tunnel- und Haltestellenbau<\/span><br \/>\n<span style=\"color: #000000;\">\u2022 Br\u00fcckenbau<\/span><br \/>\n<span style=\"color: #000000;\">\u2022 Bauwerke im Wasserstra\u00dfenbaus<\/span><br \/>\n<span style=\"color: #000000;\">\u2022 Schacht- und Vorpresstechnik<\/span><br \/>\n<span style=\"color: #000000;\">\u2022 Bewehrte Erde<\/span><br \/>\n<span style=\"color: #000000;\">\u2022 Schlitzw\u00e4nde<\/span><br \/>\n<span style=\"color: #000000;\">\u2022 Baugrubenverbauten<\/span><br \/>\n<span style=\"color: #000000;\">\u2022 Unterf\u00fchrungen von Bahnstrecken<\/span><br \/>\n<span style=\"color: #000000;\">\u2022 Schachtsicherung Bergbau<\/span><br \/>\n<span style=\"color: #000000;\">\u2022 Bauwerkskonstruktionen im Tiefbau<\/span><br \/>\n<span style=\"color: #000000;\">\u2022 Objektplanung Ingenieurbauwerke und Tragwerksplanung<\/span><br \/>\n<span style=\"color: #000000;\">\u2022 Vor-, Entwurfs-, Genehmigungsplanung<\/span><br \/>\n<span style=\"color: #000000;\">\u2022 Ausf\u00fchrungsplanung, Ausschreibung, Mitwirkung bei der Ver-gabe<\/span><br \/>\n<span style=\"color: #000000;\">\u2022 Bauoberleitung, \u00f6rtliche Bau\u00fcberwachung<\/span><br \/>\n<span style=\"color: #000000;\">\u2022 Geotechnische Berechnungen, Erdstatik<\/span><br \/>\n<span style=\"color: #000000;\">\u2022 Statische Berechnungen von Bauwerken<\/span><br \/>\n<span style=\"color: #000000;\">\u2022 R\u00fcckbaustatik<\/span><br \/>\n<span style=\"color: #000000;\">\u2022 Bauablaufplanung<\/span><br \/>\n<span style=\"color: #000000;\">\u2022 Schadensbegutachtung<\/span><br \/>\n<span style=\"color: #000000;\">\u2022 \u00dcberpr\u00fcfung der Standsicherheit von bestehenden baulichen Anlagen<\/span><\/p>\n<p><span style=\"color: #000000;\">Zusatzqualifikation: \u2022 Bauvorlageberechtigung<\/span><\/p>\n<p><span style=\"color: #000000;\"><strong>Dozentent\u00e4tigkeiten:<\/strong><\/span><br \/>\n<span style=\"color: #000000;\">Durchf\u00fchrung von Tagesseminaren bei Fortbildungsma\u00dfnahmen f\u00fcr<\/span><br \/>\n<span style=\"color: #000000;\">\u2022 die Bundesanstalt f\u00fcr Arbeit (BA)<\/span><br \/>\n<span style=\"color: #000000;\">&#8211; Trainerprogramm Bauleitung<\/span><br \/>\n<span style=\"color: #000000;\">\u2022 den Europ\u00e4ischen Sozialfonds (ESF)<\/span><br \/>\n<span style=\"color: #000000;\">&#8211; Praxisqualifizierung \u201eBauwirtschaft 50+\u201c<\/span><\/p>\n<p><span style=\"color: #000000;\"><strong>Beratender Ingenieur<\/strong><\/span><br \/>\n<span style=\"color: #000000;\">\u2022 Eingetragen in der Liste der im Bauwesen t\u00e4tigen Beratenden Ingenieure und Ingenieurinnen der Ingenieurkammer-Bau Nordrhein-Westfalen<\/span><\/p>\n","protected":false},"excerpt":{"rendered":"<p>Dipl.-Ing. Josef Hartmann Lebenslauf Jahrgang: 1955 Staatsangeh\u00f6rigkeit: deutsch Familienstand: verheiratet, drei Kinder Schulbildung: 1970 &#8211; 1973: Berufsschule Ausbildung zum Bauzeichner 1973 &#8211; 1976: Fachoberschule Ausbildung: 1976 &#8211; 1983: Universit\u00e4t Fachbereich: Bauwesen Vertiefungen: Statik, Massivbau, Grundbau und unterirdische Bauten Zeugnisse &gt;&gt; Berufspraxis: 1983 &#8211; 1985 Ingenieurgesellschaft Zerna, Schulz und Partner, Bochum Bereich Kraftwerksbau, Abteilung Grundbau und&hellip; <\/p>\n<p> <a rel=\"bookmark\" class=\"read-more btn btn-primary\" href=\"https:\/\/www.i-kis.de\/index.php\/uber-uns\/\">Read More <span class=\"screen-reader-text\">on <span style=\"color:#c8c8c8;\"onmouseover=\"this.style.color='#940000';\" onmouseout=\"this.style.color='#c8c8c8';\">\u00dcber Uns <\/span> <\/span>&raquo;<\/a><\/p>\n","protected":false},"author":1,"featured_media":0,"parent":0,"menu_order":0,"comment_status":"closed","ping_status":"closed","template":"","meta":{"footnotes":""},"class_list":["post-35","page","type-page","status-publish","hentry"],"yoast_head":"<!-- This site is optimized with the Yoast SEO plugin v25.1 - https:\/\/yoast.com\/wordpress\/plugins\/seo\/ -->\n<title>\u00dcber Uns  -<\/title>\n<meta name=\"robots\" content=\"index, follow, max-snippet:-1, max-image-preview:large, max-video-preview:-1\" \/>\n<link rel=\"canonical\" href=\"https:\/\/www.i-kis.de\/index.php\/uber-uns\/\" \/>\n<meta property=\"og:locale\" content=\"en_US\" \/>\n<meta property=\"og:type\" content=\"article\" \/>\n<meta property=\"og:title\" content=\"\u00dcber Uns  -\" \/>\n<meta property=\"og:description\" content=\"Dipl.-Ing. Josef Hartmann Lebenslauf Jahrgang: 1955 Staatsangeh\u00f6rigkeit: deutsch Familienstand: verheiratet, drei Kinder Schulbildung: 1970 &#8211; 1973: Berufsschule Ausbildung zum Bauzeichner 1973 &#8211; 1976: Fachoberschule Ausbildung: 1976 &#8211; 1983: Universit\u00e4t Fachbereich: Bauwesen Vertiefungen: Statik, Massivbau, Grundbau und unterirdische Bauten Zeugnisse &gt;&gt; Berufspraxis: 1983 &#8211; 1985 Ingenieurgesellschaft Zerna, Schulz und Partner, Bochum Bereich Kraftwerksbau, Abteilung Grundbau und&hellip; Read More on \u00dcber Uns &raquo;\" \/>\n<meta property=\"og:url\" content=\"https:\/\/www.i-kis.de\/index.php\/uber-uns\/\" \/>\n<meta property=\"article:modified_time\" content=\"2018-10-16T11:31:05+00:00\" \/>\n<meta property=\"og:image\" content=\"http:\/\/wp.off-gamings.de\/wp-content\/uploads\/2018\/10\/hartmann.jpg\" \/>\n<meta name=\"twitter:card\" content=\"summary_large_image\" \/>\n<meta name=\"twitter:label1\" content=\"Est. reading time\" \/>\n\t<meta name=\"twitter:data1\" content=\"1 minute\" \/>\n<script type=\"application\/ld+json\" class=\"yoast-schema-graph\">{\"@context\":\"https:\/\/schema.org\",\"@graph\":[{\"@type\":\"WebPage\",\"@id\":\"https:\/\/www.i-kis.de\/index.php\/uber-uns\/\",\"url\":\"https:\/\/www.i-kis.de\/index.php\/uber-uns\/\",\"name\":\"\u00dcber Uns -\",\"isPartOf\":{\"@id\":\"https:\/\/www.i-kis.de\/#website\"},\"primaryImageOfPage\":{\"@id\":\"https:\/\/www.i-kis.de\/index.php\/uber-uns\/#primaryimage\"},\"image\":{\"@id\":\"https:\/\/www.i-kis.de\/index.php\/uber-uns\/#primaryimage\"},\"thumbnailUrl\":\"http:\/\/wp.off-gamings.de\/wp-content\/uploads\/2018\/10\/hartmann.jpg\",\"datePublished\":\"2018-09-14T08:19:14+00:00\",\"dateModified\":\"2018-10-16T11:31:05+00:00\",\"breadcrumb\":{\"@id\":\"https:\/\/www.i-kis.de\/index.php\/uber-uns\/#breadcrumb\"},\"inLanguage\":\"en-US\",\"potentialAction\":[{\"@type\":\"ReadAction\",\"target\":[\"https:\/\/www.i-kis.de\/index.php\/uber-uns\/\"]}]},{\"@type\":\"ImageObject\",\"inLanguage\":\"en-US\",\"@id\":\"https:\/\/www.i-kis.de\/index.php\/uber-uns\/#primaryimage\",\"url\":\"http:\/\/wp.off-gamings.de\/wp-content\/uploads\/2018\/10\/hartmann.jpg\",\"contentUrl\":\"http:\/\/wp.off-gamings.de\/wp-content\/uploads\/2018\/10\/hartmann.jpg\"},{\"@type\":\"BreadcrumbList\",\"@id\":\"https:\/\/www.i-kis.de\/index.php\/uber-uns\/#breadcrumb\",\"itemListElement\":[{\"@type\":\"ListItem\",\"position\":1,\"name\":\"Home\",\"item\":\"https:\/\/www.i-kis.de\/\"},{\"@type\":\"ListItem\",\"position\":2,\"name\":\"\u00dcber Uns\"}]},{\"@type\":\"WebSite\",\"@id\":\"https:\/\/www.i-kis.de\/#website\",\"url\":\"https:\/\/www.i-kis.de\/\",\"name\":\"\",\"description\":\"\",\"publisher\":{\"@id\":\"https:\/\/www.i-kis.de\/#organization\"},\"potentialAction\":[{\"@type\":\"SearchAction\",\"target\":{\"@type\":\"EntryPoint\",\"urlTemplate\":\"https:\/\/www.i-kis.de\/?s={search_term_string}\"},\"query-input\":{\"@type\":\"PropertyValueSpecification\",\"valueRequired\":true,\"valueName\":\"search_term_string\"}}],\"inLanguage\":\"en-US\"},{\"@type\":\"Organization\",\"@id\":\"https:\/\/www.i-kis.de\/#organization\",\"name\":\"I-KIS\",\"url\":\"https:\/\/www.i-kis.de\/\",\"logo\":{\"@type\":\"ImageObject\",\"inLanguage\":\"en-US\",\"@id\":\"https:\/\/www.i-kis.de\/#\/schema\/logo\/image\/\",\"url\":\"http:\/\/www.i-kis.de\/wp-content\/uploads\/2018\/10\/Favicon.png\",\"contentUrl\":\"http:\/\/www.i-kis.de\/wp-content\/uploads\/2018\/10\/Favicon.png\",\"width\":512,\"height\":512,\"caption\":\"I-KIS\"},\"image\":{\"@id\":\"https:\/\/www.i-kis.de\/#\/schema\/logo\/image\/\"}}]}<\/script>\n<!-- \/ Yoast SEO plugin. -->","yoast_head_json":{"title":"\u00dcber Uns  -","robots":{"index":"index","follow":"follow","max-snippet":"max-snippet:-1","max-image-preview":"max-image-preview:large","max-video-preview":"max-video-preview:-1"},"canonical":"https:\/\/www.i-kis.de\/index.php\/uber-uns\/","og_locale":"en_US","og_type":"article","og_title":"\u00dcber Uns  -","og_description":"Dipl.-Ing. Josef Hartmann Lebenslauf Jahrgang: 1955 Staatsangeh\u00f6rigkeit: deutsch Familienstand: verheiratet, drei Kinder Schulbildung: 1970 &#8211; 1973: Berufsschule Ausbildung zum Bauzeichner 1973 &#8211; 1976: Fachoberschule Ausbildung: 1976 &#8211; 1983: Universit\u00e4t Fachbereich: Bauwesen Vertiefungen: Statik, Massivbau, Grundbau und unterirdische Bauten Zeugnisse &gt;&gt; Berufspraxis: 1983 &#8211; 1985 Ingenieurgesellschaft Zerna, Schulz und Partner, Bochum Bereich Kraftwerksbau, Abteilung Grundbau und&hellip; Read More on \u00dcber Uns &raquo;","og_url":"https:\/\/www.i-kis.de\/index.php\/uber-uns\/","article_modified_time":"2018-10-16T11:31:05+00:00","og_image":[{"url":"http:\/\/wp.off-gamings.de\/wp-content\/uploads\/2018\/10\/hartmann.jpg","type":"","width":"","height":""}],"twitter_card":"summary_large_image","twitter_misc":{"Est. reading time":"1 minute"},"schema":{"@context":"https:\/\/schema.org","@graph":[{"@type":"WebPage","@id":"https:\/\/www.i-kis.de\/index.php\/uber-uns\/","url":"https:\/\/www.i-kis.de\/index.php\/uber-uns\/","name":"\u00dcber Uns -","isPartOf":{"@id":"https:\/\/www.i-kis.de\/#website"},"primaryImageOfPage":{"@id":"https:\/\/www.i-kis.de\/index.php\/uber-uns\/#primaryimage"},"image":{"@id":"https:\/\/www.i-kis.de\/index.php\/uber-uns\/#primaryimage"},"thumbnailUrl":"http:\/\/wp.off-gamings.de\/wp-content\/uploads\/2018\/10\/hartmann.jpg","datePublished":"2018-09-14T08:19:14+00:00","dateModified":"2018-10-16T11:31:05+00:00","breadcrumb":{"@id":"https:\/\/www.i-kis.de\/index.php\/uber-uns\/#breadcrumb"},"inLanguage":"en-US","potentialAction":[{"@type":"ReadAction","target":["https:\/\/www.i-kis.de\/index.php\/uber-uns\/"]}]},{"@type":"ImageObject","inLanguage":"en-US","@id":"https:\/\/www.i-kis.de\/index.php\/uber-uns\/#primaryimage","url":"http:\/\/wp.off-gamings.de\/wp-content\/uploads\/2018\/10\/hartmann.jpg","contentUrl":"http:\/\/wp.off-gamings.de\/wp-content\/uploads\/2018\/10\/hartmann.jpg"},{"@type":"BreadcrumbList","@id":"https:\/\/www.i-kis.de\/index.php\/uber-uns\/#breadcrumb","itemListElement":[{"@type":"ListItem","position":1,"name":"Home","item":"https:\/\/www.i-kis.de\/"},{"@type":"ListItem","position":2,"name":"\u00dcber Uns"}]},{"@type":"WebSite","@id":"https:\/\/www.i-kis.de\/#website","url":"https:\/\/www.i-kis.de\/","name":"","description":"","publisher":{"@id":"https:\/\/www.i-kis.de\/#organization"},"potentialAction":[{"@type":"SearchAction","target":{"@type":"EntryPoint","urlTemplate":"https:\/\/www.i-kis.de\/?s={search_term_string}"},"query-input":{"@type":"PropertyValueSpecification","valueRequired":true,"valueName":"search_term_string"}}],"inLanguage":"en-US"},{"@type":"Organization","@id":"https:\/\/www.i-kis.de\/#organization","name":"I-KIS","url":"https:\/\/www.i-kis.de\/","logo":{"@type":"ImageObject","inLanguage":"en-US","@id":"https:\/\/www.i-kis.de\/#\/schema\/logo\/image\/","url":"http:\/\/www.i-kis.de\/wp-content\/uploads\/2018\/10\/Favicon.png","contentUrl":"http:\/\/www.i-kis.de\/wp-content\/uploads\/2018\/10\/Favicon.png","width":512,"height":512,"caption":"I-KIS"},"image":{"@id":"https:\/\/www.i-kis.de\/#\/schema\/logo\/image\/"}}]}},"_links":{"self":[{"href":"https:\/\/www.i-kis.de\/index.php\/wp-json\/wp\/v2\/pages\/35","targetHints":{"allow":["GET"]}}],"collection":[{"href":"https:\/\/www.i-kis.de\/index.php\/wp-json\/wp\/v2\/pages"}],"about":[{"href":"https:\/\/www.i-kis.de\/index.php\/wp-json\/wp\/v2\/types\/page"}],"author":[{"embeddable":true,"href":"https:\/\/www.i-kis.de\/index.php\/wp-json\/wp\/v2\/users\/1"}],"replies":[{"embeddable":true,"href":"https:\/\/www.i-kis.de\/index.php\/wp-json\/wp\/v2\/comments?post=35"}],"version-history":[{"count":7,"href":"https:\/\/www.i-kis.de\/index.php\/wp-json\/wp\/v2\/pages\/35\/revisions"}],"predecessor-version":[{"id":200,"href":"https:\/\/www.i-kis.de\/index.php\/wp-json\/wp\/v2\/pages\/35\/revisions\/200"}],"wp:attachment":[{"href":"https:\/\/www.i-kis.de\/index.php\/wp-json\/wp\/v2\/media?parent=35"}],"curies":[{"name":"wp","href":"https:\/\/api.w.org\/{rel}","templated":true}]}}