{"id":90,"date":"2018-09-17T10:08:23","date_gmt":"2018-09-17T10:08:23","guid":{"rendered":"http:\/\/wp.off-gamings.de\/?page_id=90"},"modified":"2019-04-06T12:54:36","modified_gmt":"2019-04-06T12:54:36","slug":"kontakt-2","status":"publish","type":"page","link":"https:\/\/www.i-kis.de\/","title":{"rendered":"<span style=\"color: #940000;\">Herzlich willkommen auf unseren Internetseiten"},"content":{"rendered":"<blockquote>\n<p class=\"Content\"><span style=\"color: #000000;\">F\u00fcr uns bedeutet Baukonstruktion mehr, als nur die pure Berechnung von Kr\u00e4ften, die auf einen Bauk\u00f6rper einwirken.<\/span><br \/>\n<span style=\"color: #000000;\">Eine von uns erstellte Baukonstruktion gew\u00e4hrleistet, dass Ihr Bauvorhaben standsicher nach \u00f6konomischen Gesichtspunkten errichtet wird und somit wesentlich zur Senkung Ihrer Baukosten beitr\u00e4gt.<\/span><\/p>\n<p class=\"Content\"><span style=\"color: #000000;\">Wir erstellen Baukonstruktionen f\u00fcr folgende Bereiche:<\/span><\/p>\n<ul>\n<li class=\"Content\"><span style=\"color: #000000;\"><strong class=\"Content-fett\">Baugruben\u00a0<\/strong><\/span><\/li>\n<li class=\"Content\"><span style=\"color: #000000;\"><strong class=\"Content-fett\"><img loading=\"lazy\" decoding=\"async\" class=\"size-medium wp-image-154 alignright\" style=\"color: #767676; font-weight: 300;\" src=\"http:\/\/www.i-kis.de\/wp-content\/uploads\/2018\/09\/index-300x202.jpg\" alt=\"\" width=\"300\" height=\"202\" srcset=\"https:\/\/www.i-kis.de\/wp-content\/uploads\/2018\/09\/index-300x202.jpg 300w, https:\/\/www.i-kis.de\/wp-content\/uploads\/2018\/09\/index.jpg 329w\" sizes=\"auto, (max-width: 300px) 100vw, 300px\" \/>Gr\u00fcndungen\u00a0<\/strong><\/span><\/li>\n<li class=\"Content\"><span style=\"color: #000000;\"><strong class=\"Content-fett\">Tunnelbau<\/strong><\/span><\/li>\n<li class=\"Content\"><span style=\"color: #000000;\"><strong class=\"Content-fett\">Br\u00fcckenbau<\/strong><\/span><\/li>\n<li class=\"Content\"><span style=\"color: #000000;\"><strong class=\"Content-fett\">Industriebau<\/strong><\/span><\/li>\n<li class=\"Content\"><span style=\"color: #000000;\"><strong class=\"Content-fett\">Wohn- u. Gesch\u00e4ftshausbau<\/strong><\/span><\/li>\n<li><span style=\"color: #000000;\"><strong>Bestandsbeurteilungen<\/strong><\/span><\/li>\n<\/ul>\n<\/blockquote>\n<p>&nbsp;<\/p>\n<p>&nbsp;<\/p>\n<blockquote><p><strong class=\"Content-fett\" style=\"color: #000000;\"><a href=\"https:\/\/www.ikbaunrw.de\/\"><img loading=\"lazy\" decoding=\"async\" class=\"alignleft wp-image-153\" src=\"http:\/\/www.i-kis.de\/wp-content\/uploads\/2018\/09\/cache_2675293-300x146.jpg\" alt=\"\" width=\"185\" height=\"90\" srcset=\"https:\/\/www.i-kis.de\/wp-content\/uploads\/2018\/09\/cache_2675293-300x146.jpg 300w, https:\/\/www.i-kis.de\/wp-content\/uploads\/2018\/09\/cache_2675293-768x375.jpg 768w, https:\/\/www.i-kis.de\/wp-content\/uploads\/2018\/09\/cache_2675293.jpg 810w\" sizes=\"auto, (max-width: 185px) 100vw, 185px\" \/><\/a><\/strong><\/p><\/blockquote>\n<blockquote><p>&nbsp;<\/p>\n<table border=\"0\" width=\"90%\" cellspacing=\"0\" cellpadding=\"0\" align=\"left\">\n<tbody>\n<tr>\n<td width=\"38%\"><\/td>\n<\/tr>\n<\/tbody>\n<\/table>\n<\/blockquote>\n","protected":false},"excerpt":{"rendered":"<p>F\u00fcr uns bedeutet Baukonstruktion mehr, als nur die pure Berechnung von Kr\u00e4ften, die auf einen Bauk\u00f6rper einwirken. Eine von uns erstellte Baukonstruktion gew\u00e4hrleistet, dass Ihr Bauvorhaben standsicher nach \u00f6konomischen Gesichtspunkten errichtet wird und somit wesentlich zur Senkung Ihrer Baukosten beitr\u00e4gt. Wir erstellen Baukonstruktionen f\u00fcr folgende Bereiche: Baugruben\u00a0 Gr\u00fcndungen\u00a0 Tunnelbau Br\u00fcckenbau Industriebau Wohn- u. Gesch\u00e4ftshausbau Bestandsbeurteilungen&hellip; <\/p>\n<p> <a rel=\"bookmark\" class=\"read-more btn btn-primary\" href=\"https:\/\/www.i-kis.de\/\">Read More <span class=\"screen-reader-text\">on <span style=\"color: #940000;\">Herzlich willkommen auf unseren Internetseiten <\/span>&raquo;<\/a><\/p>\n","protected":false},"author":1,"featured_media":0,"parent":0,"menu_order":0,"comment_status":"closed","ping_status":"closed","template":"","meta":{"footnotes":""},"class_list":["post-90","page","type-page","status-publish","hentry"],"yoast_head":"<!-- This site is optimized with the Yoast SEO plugin v25.1 - https:\/\/yoast.com\/wordpress\/plugins\/seo\/ -->\n<title>Herzlich willkommen auf unseren Internetseiten -<\/title>\n<meta name=\"robots\" content=\"index, follow, max-snippet:-1, max-image-preview:large, max-video-preview:-1\" \/>\n<link rel=\"canonical\" href=\"https:\/\/www.i-kis.de\/\" \/>\n<meta property=\"og:locale\" content=\"en_US\" \/>\n<meta property=\"og:type\" content=\"article\" \/>\n<meta property=\"og:title\" content=\"Herzlich willkommen auf unseren Internetseiten -\" \/>\n<meta property=\"og:description\" content=\"F\u00fcr uns bedeutet Baukonstruktion mehr, als nur die pure Berechnung von Kr\u00e4ften, die auf einen Bauk\u00f6rper einwirken. Eine von uns erstellte Baukonstruktion gew\u00e4hrleistet, dass Ihr Bauvorhaben standsicher nach \u00f6konomischen Gesichtspunkten errichtet wird und somit wesentlich zur Senkung Ihrer Baukosten beitr\u00e4gt. Wir erstellen Baukonstruktionen f\u00fcr folgende Bereiche: Baugruben\u00a0 Gr\u00fcndungen\u00a0 Tunnelbau Br\u00fcckenbau Industriebau Wohn- u. Gesch\u00e4ftshausbau Bestandsbeurteilungen&hellip; Read More on Herzlich willkommen auf unseren Internetseiten &raquo;\" \/>\n<meta property=\"og:url\" content=\"https:\/\/www.i-kis.de\/\" \/>\n<meta property=\"article:modified_time\" content=\"2019-04-06T12:54:36+00:00\" \/>\n<meta property=\"og:image\" content=\"http:\/\/www.i-kis.de\/wp-content\/uploads\/2018\/09\/index-300x202.jpg\" \/>\n<meta name=\"twitter:card\" content=\"summary_large_image\" \/>\n<script type=\"application\/ld+json\" class=\"yoast-schema-graph\">{\"@context\":\"https:\/\/schema.org\",\"@graph\":[{\"@type\":\"WebPage\",\"@id\":\"https:\/\/www.i-kis.de\/\",\"url\":\"https:\/\/www.i-kis.de\/\",\"name\":\"Herzlich willkommen auf unseren Internetseiten -\",\"isPartOf\":{\"@id\":\"https:\/\/www.i-kis.de\/#website\"},\"primaryImageOfPage\":{\"@id\":\"https:\/\/www.i-kis.de\/#primaryimage\"},\"image\":{\"@id\":\"https:\/\/www.i-kis.de\/#primaryimage\"},\"thumbnailUrl\":\"http:\/\/www.i-kis.de\/wp-content\/uploads\/2018\/09\/index-300x202.jpg\",\"datePublished\":\"2018-09-17T10:08:23+00:00\",\"dateModified\":\"2019-04-06T12:54:36+00:00\",\"breadcrumb\":{\"@id\":\"https:\/\/www.i-kis.de\/#breadcrumb\"},\"inLanguage\":\"en-US\",\"potentialAction\":[{\"@type\":\"ReadAction\",\"target\":[\"https:\/\/www.i-kis.de\/\"]}]},{\"@type\":\"ImageObject\",\"inLanguage\":\"en-US\",\"@id\":\"https:\/\/www.i-kis.de\/#primaryimage\",\"url\":\"https:\/\/www.i-kis.de\/wp-content\/uploads\/2018\/09\/index.jpg\",\"contentUrl\":\"https:\/\/www.i-kis.de\/wp-content\/uploads\/2018\/09\/index.jpg\",\"width\":329,\"height\":221},{\"@type\":\"BreadcrumbList\",\"@id\":\"https:\/\/www.i-kis.de\/#breadcrumb\",\"itemListElement\":[{\"@type\":\"ListItem\",\"position\":1,\"name\":\"Home\",\"item\":\"https:\/\/www.i-kis.de\/\"},{\"@type\":\"ListItem\",\"position\":2,\"name\":\"Herzlich willkommen auf unseren Internetseiten\"}]},{\"@type\":\"WebSite\",\"@id\":\"https:\/\/www.i-kis.de\/#website\",\"url\":\"https:\/\/www.i-kis.de\/\",\"name\":\"\",\"description\":\"\",\"publisher\":{\"@id\":\"https:\/\/www.i-kis.de\/#organization\"},\"potentialAction\":[{\"@type\":\"SearchAction\",\"target\":{\"@type\":\"EntryPoint\",\"urlTemplate\":\"https:\/\/www.i-kis.de\/?s={search_term_string}\"},\"query-input\":{\"@type\":\"PropertyValueSpecification\",\"valueRequired\":true,\"valueName\":\"search_term_string\"}}],\"inLanguage\":\"en-US\"},{\"@type\":\"Organization\",\"@id\":\"https:\/\/www.i-kis.de\/#organization\",\"name\":\"I-KIS\",\"url\":\"https:\/\/www.i-kis.de\/\",\"logo\":{\"@type\":\"ImageObject\",\"inLanguage\":\"en-US\",\"@id\":\"https:\/\/www.i-kis.de\/#\/schema\/logo\/image\/\",\"url\":\"http:\/\/www.i-kis.de\/wp-content\/uploads\/2018\/10\/Favicon.png\",\"contentUrl\":\"http:\/\/www.i-kis.de\/wp-content\/uploads\/2018\/10\/Favicon.png\",\"width\":512,\"height\":512,\"caption\":\"I-KIS\"},\"image\":{\"@id\":\"https:\/\/www.i-kis.de\/#\/schema\/logo\/image\/\"}}]}<\/script>\n<!-- \/ Yoast SEO plugin. -->","yoast_head_json":{"title":"Herzlich willkommen auf unseren Internetseiten -","robots":{"index":"index","follow":"follow","max-snippet":"max-snippet:-1","max-image-preview":"max-image-preview:large","max-video-preview":"max-video-preview:-1"},"canonical":"https:\/\/www.i-kis.de\/","og_locale":"en_US","og_type":"article","og_title":"Herzlich willkommen auf unseren Internetseiten -","og_description":"F\u00fcr uns bedeutet Baukonstruktion mehr, als nur die pure Berechnung von Kr\u00e4ften, die auf einen Bauk\u00f6rper einwirken. Eine von uns erstellte Baukonstruktion gew\u00e4hrleistet, dass Ihr Bauvorhaben standsicher nach \u00f6konomischen Gesichtspunkten errichtet wird und somit wesentlich zur Senkung Ihrer Baukosten beitr\u00e4gt. Wir erstellen Baukonstruktionen f\u00fcr folgende Bereiche: Baugruben\u00a0 Gr\u00fcndungen\u00a0 Tunnelbau Br\u00fcckenbau Industriebau Wohn- u. Gesch\u00e4ftshausbau Bestandsbeurteilungen&hellip; Read More on Herzlich willkommen auf unseren Internetseiten &raquo;","og_url":"https:\/\/www.i-kis.de\/","article_modified_time":"2019-04-06T12:54:36+00:00","og_image":[{"url":"http:\/\/www.i-kis.de\/wp-content\/uploads\/2018\/09\/index-300x202.jpg","type":"","width":"","height":""}],"twitter_card":"summary_large_image","schema":{"@context":"https:\/\/schema.org","@graph":[{"@type":"WebPage","@id":"https:\/\/www.i-kis.de\/","url":"https:\/\/www.i-kis.de\/","name":"Herzlich willkommen auf unseren Internetseiten -","isPartOf":{"@id":"https:\/\/www.i-kis.de\/#website"},"primaryImageOfPage":{"@id":"https:\/\/www.i-kis.de\/#primaryimage"},"image":{"@id":"https:\/\/www.i-kis.de\/#primaryimage"},"thumbnailUrl":"http:\/\/www.i-kis.de\/wp-content\/uploads\/2018\/09\/index-300x202.jpg","datePublished":"2018-09-17T10:08:23+00:00","dateModified":"2019-04-06T12:54:36+00:00","breadcrumb":{"@id":"https:\/\/www.i-kis.de\/#breadcrumb"},"inLanguage":"en-US","potentialAction":[{"@type":"ReadAction","target":["https:\/\/www.i-kis.de\/"]}]},{"@type":"ImageObject","inLanguage":"en-US","@id":"https:\/\/www.i-kis.de\/#primaryimage","url":"https:\/\/www.i-kis.de\/wp-content\/uploads\/2018\/09\/index.jpg","contentUrl":"https:\/\/www.i-kis.de\/wp-content\/uploads\/2018\/09\/index.jpg","width":329,"height":221},{"@type":"BreadcrumbList","@id":"https:\/\/www.i-kis.de\/#breadcrumb","itemListElement":[{"@type":"ListItem","position":1,"name":"Home","item":"https:\/\/www.i-kis.de\/"},{"@type":"ListItem","position":2,"name":"Herzlich willkommen auf unseren Internetseiten"}]},{"@type":"WebSite","@id":"https:\/\/www.i-kis.de\/#website","url":"https:\/\/www.i-kis.de\/","name":"","description":"","publisher":{"@id":"https:\/\/www.i-kis.de\/#organization"},"potentialAction":[{"@type":"SearchAction","target":{"@type":"EntryPoint","urlTemplate":"https:\/\/www.i-kis.de\/?s={search_term_string}"},"query-input":{"@type":"PropertyValueSpecification","valueRequired":true,"valueName":"search_term_string"}}],"inLanguage":"en-US"},{"@type":"Organization","@id":"https:\/\/www.i-kis.de\/#organization","name":"I-KIS","url":"https:\/\/www.i-kis.de\/","logo":{"@type":"ImageObject","inLanguage":"en-US","@id":"https:\/\/www.i-kis.de\/#\/schema\/logo\/image\/","url":"http:\/\/www.i-kis.de\/wp-content\/uploads\/2018\/10\/Favicon.png","contentUrl":"http:\/\/www.i-kis.de\/wp-content\/uploads\/2018\/10\/Favicon.png","width":512,"height":512,"caption":"I-KIS"},"image":{"@id":"https:\/\/www.i-kis.de\/#\/schema\/logo\/image\/"}}]}},"_links":{"self":[{"href":"https:\/\/www.i-kis.de\/index.php\/wp-json\/wp\/v2\/pages\/90","targetHints":{"allow":["GET"]}}],"collection":[{"href":"https:\/\/www.i-kis.de\/index.php\/wp-json\/wp\/v2\/pages"}],"about":[{"href":"https:\/\/www.i-kis.de\/index.php\/wp-json\/wp\/v2\/types\/page"}],"author":[{"embeddable":true,"href":"https:\/\/www.i-kis.de\/index.php\/wp-json\/wp\/v2\/users\/1"}],"replies":[{"embeddable":true,"href":"https:\/\/www.i-kis.de\/index.php\/wp-json\/wp\/v2\/comments?post=90"}],"version-history":[{"count":2,"href":"https:\/\/www.i-kis.de\/index.php\/wp-json\/wp\/v2\/pages\/90\/revisions"}],"predecessor-version":[{"id":281,"href":"https:\/\/www.i-kis.de\/index.php\/wp-json\/wp\/v2\/pages\/90\/revisions\/281"}],"wp:attachment":[{"href":"https:\/\/www.i-kis.de\/index.php\/wp-json\/wp\/v2\/media?parent=90"}],"curies":[{"name":"wp","href":"https:\/\/api.w.org\/{rel}","templated":true}]}}